{"id":102,"date":"2014-02-18T15:27:38","date_gmt":"2014-02-18T14:27:38","guid":{"rendered":"http:\/\/www.wagneracciai.it\/?page_id=102"},"modified":"2023-03-30T15:45:24","modified_gmt":"2023-03-30T13:45:24","slug":"la-nostra-storia","status":"publish","type":"page","link":"https:\/\/www.wagneracciai.it\/index.php\/chi-siamo-2\/la-nostra-storia","title":{"rendered":"Chi siamo"},"content":{"rendered":"\r\n<a href=\"https:\/\/www.wagneracciai.it\/wp-content\/gallery\/generale\/img_0652.jpg\" title=\"Wagner Acciai Ingresso Accettazione\/Spedizioni\" class=\"shutterset_singlepic260\" >\r\n\t<img class=\"ngg-singlepic\" src=\"https:\/\/www.wagneracciai.it\/wp-content\/gallery\/cache\/260_web20_h=x_img_0652.jpg\" alt=\"img_0652\" title=\"img_0652\" \/>\r\n<\/a>\r\n\n<p>R. Wagner &amp; C. s.r.l., meglio conosciuta come <strong>Wagner Acciai<\/strong>, \u00e8 una realt\u00e0 consolidata che da oltre 80 anni si occupa della lavorazione e della vendita di acciaio al carbonio laminato a freddo di alta qualit\u00e0.<\/p>\n<p>Wagner Acciai opera come Centro Servizi con ampia disponibilit\u00e0 di <a href=\"http:\/\/www.wagneracciai.it\/index.php\/nastri-in-acciaio\">nastri<\/a> e <a href=\"http:\/\/www.wagneracciai.it\/index.php\/lamiere-in-acciaio\">lamiere in acciaio<\/a> al carbonio temprato, acciaio al carbonio temprabile e acciaio inossidabile incrudito. L&#8217;azienda \u00e8 organizzata all&#8217;insegna della tradizione , conservando intatto nel tempo lo standard di qualit\u00e0 dei prodotti e dei servizi offerti, ma non smette di guardare al futuro, coniugando innovazione ed esperienza.<\/p>\n<p>La leadership di Wagner Acciai si fonda su 3 pilastri:<\/p>\n<ul>\n<li><strong>Ampia disponibilit\u00e0 di materiale:<\/strong>\u00a0senza questa non \u00e8 possibile dire s\u00ec ai clienti. Wagner Acciai risponde a questa esigenza con oltre 6.000 mq di magazzini coperti e pi\u00f9 di 2.000 tonnellate di acciaio al carbonio dal pronto.<\/li>\n<li><strong>Flessibilit\u00e0<\/strong>: in Wagner Acciai il lavoro viene pianificato quotidianamente affinch\u00e8 anche le richieste pi\u00f9 urgenti siano soddisfatte nel minor tempo possibile. La programmazione delle attivit\u00e0 di taglio, la preparazione e la produzione rispondono al meglio a ogni richiesta che il mercato impone, soprattutto grazie a personale altamente motivato e un know-how di alto livello.<\/li>\n<li><strong>Affidabilit\u00e0 ed Esperienza<\/strong>: un ampio magazzino da gestire con coscienza e la flessibilit\u00e0 nel soddisfare tutte le richieste non sono condizioni che si possono gestire senza esperienza. Wagner Acciai da 80 anni guida il mercato dell&#8217;acciaio. Oggi dire Wagner Acciai corrisponde a dire affidabilit\u00e0, tanto da poter accompagnare ogni cliente con la consulenza e l&#8217;assistenza necessaria ad efficientarne non solo gli acquisti, ma anche la produzione.<\/li>\n<\/ul>\n","protected":false},"excerpt":{"rendered":"<p>R. Wagner &amp; C. s.r.l., meglio conosciuta come Wagner Acciai, \u00e8 una realt\u00e0 consolidata che da oltre 80 anni si occupa della lavorazione e della vendita di acciaio al carbonio laminato a freddo di alta qualit\u00e0. Wagner Acciai opera come Centro Servizi con ampia disponibilit\u00e0 di nastri e lamiere in \u2026<\/p>\n<p> <a class=\"continue-reading-link\" href=\"https:\/\/www.wagneracciai.it\/index.php\/chi-siamo-2\/la-nostra-storia\">Continua la lettura<i class=\"icon-right-dir\"><\/i><\/a><\/p>\n","protected":false},"author":1,"featured_media":0,"parent":99,"menu_order":0,"comment_status":"closed","ping_status":"closed","template":"templates\/template-twocolumns-right.php","meta":[],"_links":{"self":[{"href":"https:\/\/www.wagneracciai.it\/index.php\/wp-json\/wp\/v2\/pages\/102"}],"collection":[{"href":"https:\/\/www.wagneracciai.it\/index.php\/wp-json\/wp\/v2\/pages"}],"about":[{"href":"https:\/\/www.wagneracciai.it\/index.php\/wp-json\/wp\/v2\/types\/page"}],"author":[{"embeddable":true,"href":"https:\/\/www.wagneracciai.it\/index.php\/wp-json\/wp\/v2\/users\/1"}],"replies":[{"embeddable":true,"href":"https:\/\/www.wagneracciai.it\/index.php\/wp-json\/wp\/v2\/comments?post=102"}],"version-history":[{"count":20,"href":"https:\/\/www.wagneracciai.it\/index.php\/wp-json\/wp\/v2\/pages\/102\/revisions"}],"predecessor-version":[{"id":1205,"href":"https:\/\/www.wagneracciai.it\/index.php\/wp-json\/wp\/v2\/pages\/102\/revisions\/1205"}],"up":[{"embeddable":true,"href":"https:\/\/www.wagneracciai.it\/index.php\/wp-json\/wp\/v2\/pages\/99"}],"wp:attachment":[{"href":"https:\/\/www.wagneracciai.it\/index.php\/wp-json\/wp\/v2\/media?parent=102"}],"curies":[{"name":"wp","href":"https:\/\/api.w.org\/{rel}","templated":true}]}}