{"id":161,"date":"2014-02-20T15:41:02","date_gmt":"2014-02-20T14:41:02","guid":{"rendered":"http:\/\/www.wagneracciai.it\/?page_id=161"},"modified":"2014-02-20T19:15:21","modified_gmt":"2014-02-20T18:15:21","slug":"privacy","status":"publish","type":"page","link":"https:\/\/www.wagneracciai.it\/index.php\/privacy","title":{"rendered":"Privacy"},"content":{"rendered":"<p>R. Wagner &amp; C. S.p.A. applica una serie di regole per il rispetto e il trattamento dei dati personali, anche in ottemperanza alle normative nazionali e comunitarie sulla privacy.<br \/>\nIn conformit\u00e0 alle disposizioni previste dall&#8217;art.13 del D.Lgl. 30.6.2003 n\u00b0 196 &#8211; &#8220;codice della privacy&#8221; R. Wagner &amp; C. S.p.A. informa che:<\/p>\n<ol>\n<li>I dati in nostro possesso sono esclusivamente quelli forniti volontariamente dagli utenti dei nostri siti e dai clienti che hanno compilato i moduli per la richiesta dei servizi offerti, trasmettendoli per via elettronica, posta o fax;<\/li>\n<li>I dati raccolti sono trattati in via esclusiva dalla sopracitata societ\u00e0, per le proprie finalit\u00e0 istituzionali, nonch\u00e9 per le ordinarie attivit\u00e0 amministrative e fiscali;<\/li>\n<li>R. Wagner &amp; C. S.p.A. si impegna a non diffondere i dati in suo possesso a terzi;<\/li>\n<li>R. Wagner &amp; C. S.p.A. non \u00e8 in possesso e non tratta dati sensibili o giudiziari;<\/li>\n<li>Il responsabile del trattamento dei dati raccolti \u00e8 identificabile nel legale rappresentante della sopracitata societ\u00e0, reperibile presso la sede indicata a fondo pagina.<\/li>\n<\/ol>\n<p>Ai sensi dell&#8217;art. 7 del codice della privacy, il titolare dei dati ha diritto d&#8217;accesso ai suoi dati personali e potr\u00e0 richiedere in qualsiasi momento ed in modo gratuito:<\/p>\n<ol>\n<li>La conferma dell&#8217;esistenza o meno di dati personali che lo riguardano, anche se non ancora registrati, e la loro comunicazione in forma intelligibile;<\/li>\n<li>L&#8217;indicazione dell&#8217;origine dei dati personali, delle finalit\u00e0 e modalit\u00e0 del loro trattamento;<\/li>\n<li>L&#8217;aggiornamento, la rettificazione ovvero, quando vi ha interesse, l&#8217;integrazione dei dati, nonch\u00e9 la loro modifica o cancellazione.<\/li>\n<\/ol>\n<p>Il titolare dei dati, inoltre, ha diritto di opporsi, in tutto o in parte, per motivi legittimi, al trattamento dei dati personali che lo riguardano. Per ulteriori informazioni o aggiornamenti visitare il sito del Garante per la Privacy: <a href=\"http:\/\/www.garanteprivacy.it\" target=\"_blank\">www.garanteprivacy.it<\/a><\/p>\n<p><strong>Licenze fotografiche<\/strong><br \/>\nLe immagini utilizzate nel sito www.wagneracciai.it e nei siti afferenti alla R. Wagner &amp; C. SpA\u00a0sono di propriet\u00e0 di R. Wagner &amp; C. S.p.A. e utilizzate sotto liberatoria dei soggetti ripresi. Qualora alcune immagini utilizzate nella documentazione commerciale o in alcune altre attivit\u00e0 pubblicitarie di comunicazione visiva (stand fieristico, pubblicit\u00e0, ecc.) di R. Wagner &amp; C. S.p.A. fossero non di propriet\u00e0, R. Wagner &amp; C. S.p.A. garantisce di essere titolata all&#8217;uso attraverso licenza Creative Commons in caso nella casistica dell&#8217;attribuzione.<\/p>\n","protected":false},"excerpt":{"rendered":"<p>R. Wagner &amp; C. S.p.A. applica una serie di regole per il rispetto e il trattamento dei dati personali, anche in ottemperanza alle normative nazionali e comunitarie sulla privacy. In conformit\u00e0 alle disposizioni previste dall&#8217;art.13 del D.Lgl. 30.6.2003 n\u00b0 196 &#8211; &#8220;codice della privacy&#8221; R. Wagner &amp; C. S.p.A. informa \u2026<\/p>\n<p> <a class=\"continue-reading-link\" href=\"https:\/\/www.wagneracciai.it\/index.php\/privacy\">Continua la lettura<i class=\"icon-right-dir\"><\/i><\/a><\/p>\n","protected":false},"author":1,"featured_media":0,"parent":0,"menu_order":0,"comment_status":"closed","ping_status":"closed","template":"templates\/template-onecolumn.php","meta":[],"_links":{"self":[{"href":"https:\/\/www.wagneracciai.it\/index.php\/wp-json\/wp\/v2\/pages\/161"}],"collection":[{"href":"https:\/\/www.wagneracciai.it\/index.php\/wp-json\/wp\/v2\/pages"}],"about":[{"href":"https:\/\/www.wagneracciai.it\/index.php\/wp-json\/wp\/v2\/types\/page"}],"author":[{"embeddable":true,"href":"https:\/\/www.wagneracciai.it\/index.php\/wp-json\/wp\/v2\/users\/1"}],"replies":[{"embeddable":true,"href":"https:\/\/www.wagneracciai.it\/index.php\/wp-json\/wp\/v2\/comments?post=161"}],"version-history":[{"count":4,"href":"https:\/\/www.wagneracciai.it\/index.php\/wp-json\/wp\/v2\/pages\/161\/revisions"}],"predecessor-version":[{"id":198,"href":"https:\/\/www.wagneracciai.it\/index.php\/wp-json\/wp\/v2\/pages\/161\/revisions\/198"}],"wp:attachment":[{"href":"https:\/\/www.wagneracciai.it\/index.php\/wp-json\/wp\/v2\/media?parent=161"}],"curies":[{"name":"wp","href":"https:\/\/api.w.org\/{rel}","templated":true}]}}