{"id":576,"date":"2014-05-06T13:39:13","date_gmt":"2014-05-06T11:39:13","guid":{"rendered":"http:\/\/www.wagneracciai.it\/?page_id=576"},"modified":"2014-05-06T13:39:13","modified_gmt":"2014-05-06T11:39:13","slug":"una-varieta-vincente-di-opportunita","status":"publish","type":"page","link":"https:\/\/www.wagneracciai.it\/index.php\/una-varieta-vincente-di-opportunita","title":{"rendered":"Una variet\u00e0 vincente di opportunit\u00e0"},"content":{"rendered":"<p><a href=\"http:\/\/www.wagneracciai.it\/wp-content\/uploads\/2014\/04\/mag-inox.jpg\"><img decoding=\"async\" loading=\"lazy\" class=\"alignright size-full wp-image-526\" alt=\"mag-inox\" src=\"http:\/\/www.wagneracciai.it\/wp-content\/uploads\/2014\/04\/mag-inox.jpg\" width=\"1150\" height=\"400\" srcset=\"https:\/\/www.wagneracciai.it\/wp-content\/uploads\/2014\/04\/mag-inox.jpg 1150w, https:\/\/www.wagneracciai.it\/wp-content\/uploads\/2014\/04\/mag-inox-300x104.jpg 300w, https:\/\/www.wagneracciai.it\/wp-content\/uploads\/2014\/04\/mag-inox-1024x356.jpg 1024w, https:\/\/www.wagneracciai.it\/wp-content\/uploads\/2014\/04\/mag-inox-250x86.jpg 250w, https:\/\/www.wagneracciai.it\/wp-content\/uploads\/2014\/04\/mag-inox-150x52.jpg 150w\" sizes=\"(max-width: 1150px) 100vw, 1150px\" \/><\/a><\/p>\n<p>Tra i peperoncini <i>calienti<\/i> e Wagner ci sono delle belle similitudini. Non tanto, evidentemente, sul tasso di bruciore indotto, quanto sulla variet\u00e0 dell\u2019offerta. Curiosamente ai mille tipi di peperoncini si affiancano i mille codici prodotto di Wagner, alla variet\u00e0 \u201cin base al gusto\u201d si associa la variet\u00e0 \u201cin base al bisogno\u201d.<\/p>\n<p>Wagner Acciai radica la propria storia proprio nella variet\u00e0 di prodotti offerti, nella personalizzazione della fornitura grazie proprio all\u2019ampia e diversificata disponibilit\u00e0, alla capacit\u00e0 di soddisfare rapidamente le richieste di ogni cliente. La peculiarit\u00e0 della variet\u00e0 \u00e8 proprio nel Dna dell\u2019azienda: sin da quando era, contemporaneamente, agente Falck per l\u2019Itala e primo cliente della stessa azienda, Wagner Acciai garantisce una quantit\u00e0 e una variet\u00e0 senza pari sul mercato italiano.<\/p>\n<p>Oggi l\u2019azienda gestisce 2.000 tonnellate di acciaio dal pronto e soddisfa ogni tipologia di ordine per acciai speciali al carbonio, laminati a freddo, siano essi temprati o temprabili. A queste forniture, sottoforma di nastri e lamiera delle pi\u00f9 svariate dimensioni e spessori, si associa la fornitura di acciaio inossidabile incrudito. Non esiste ordine che Wagner non sappia soddisfare: i 6.000 metri quadri di superficie coperta stoccano ogni tipologia di acciaio al carbonio temprato o temprabile, oltre all\u2019inox incrudito, che quotidianamente viene preparato e cesoiato su una delle 4 macchine di taglio presenti in azienda.<\/p>\n<p>La gestione degli ordini programmata quotidianamente in maniera efficace, garantita proprio alla grande variet\u00e0 e disponibilit\u00e0, permette all\u2019azienda di rispondere con immediatezza alle urgenze e alle richieste dei clienti e di soddisfare ogni ordine di grandezza di ordinativi.<\/p>\n<p>Wagner mette il peperoncino alla vostra produzione. Scottatevi tranquillamente!<\/p>\n","protected":false},"excerpt":{"rendered":"<p>Tra i peperoncini calienti e Wagner ci sono delle belle similitudini. Non tanto, evidentemente, sul tasso di bruciore indotto, quanto sulla variet\u00e0 dell\u2019offerta. Curiosamente ai mille tipi di peperoncini si affiancano i mille codici prodotto di Wagner, alla variet\u00e0 \u201cin base al gusto\u201d si associa la variet\u00e0 \u201cin base al \u2026<\/p>\n<p> <a class=\"continue-reading-link\" href=\"https:\/\/www.wagneracciai.it\/index.php\/una-varieta-vincente-di-opportunita\">Continua la lettura<i class=\"icon-right-dir\"><\/i><\/a><\/p>\n","protected":false},"author":1,"featured_media":0,"parent":0,"menu_order":0,"comment_status":"closed","ping_status":"closed","template":"","meta":[],"_links":{"self":[{"href":"https:\/\/www.wagneracciai.it\/index.php\/wp-json\/wp\/v2\/pages\/576"}],"collection":[{"href":"https:\/\/www.wagneracciai.it\/index.php\/wp-json\/wp\/v2\/pages"}],"about":[{"href":"https:\/\/www.wagneracciai.it\/index.php\/wp-json\/wp\/v2\/types\/page"}],"author":[{"embeddable":true,"href":"https:\/\/www.wagneracciai.it\/index.php\/wp-json\/wp\/v2\/users\/1"}],"replies":[{"embeddable":true,"href":"https:\/\/www.wagneracciai.it\/index.php\/wp-json\/wp\/v2\/comments?post=576"}],"version-history":[{"count":2,"href":"https:\/\/www.wagneracciai.it\/index.php\/wp-json\/wp\/v2\/pages\/576\/revisions"}],"predecessor-version":[{"id":1191,"href":"https:\/\/www.wagneracciai.it\/index.php\/wp-json\/wp\/v2\/pages\/576\/revisions\/1191"}],"wp:attachment":[{"href":"https:\/\/www.wagneracciai.it\/index.php\/wp-json\/wp\/v2\/media?parent=576"}],"curies":[{"name":"wp","href":"https:\/\/api.w.org\/{rel}","templated":true}]}}