{"id":774,"date":"2015-04-01T15:54:37","date_gmt":"2015-04-01T13:54:37","guid":{"rendered":"http:\/\/www.wagneracciai.it\/?page_id=774"},"modified":"2016-02-16T11:41:12","modified_gmt":"2016-02-16T10:41:12","slug":"acciaio-inossidabile","status":"publish","type":"page","link":"https:\/\/www.wagneracciai.it\/index.php\/acciaio-inossidabile","title":{"rendered":"Acciaio Inossidabile"},"content":{"rendered":"\r\n<a href=\"https:\/\/www.wagneracciai.it\/wp-content\/gallery\/magazzino-e-produzione\/mag-inox.jpg\" title=\"\" class=\"shutterset_singlepic285\" >\r\n\t<img class=\"ngg-singlepic\" src=\"https:\/\/www.wagneracciai.it\/wp-content\/gallery\/cache\/285_web20_h=x_mag-inox.jpg\" alt=\"mag-inox\" title=\"mag-inox\" \/>\r\n<\/a>\r\n\n<p>Gli <b>acciai inox<\/b> (o <b>acciai inossidabili<\/b>) sono leghe di ferro caratterizzate da una notevole resistenza alla corrosione, all&#8217;aria umida quanto all&#8217;acqua dolce.<\/p>\n<p>La resistenza alla corrosione \u00e8 dovuta alla presenza di elementi di lega, principalmente cromo, in grado di passivarsi, cio\u00e8 di ricoprirsi di uno strato di ossidi sottile e aderente, praticamente invisibile.\u00a0Gli acciai inossidabili sono caratterizzati da un tenore di carbonio generalmente inferiore al 1,2%.<\/p>\n<p>La scoperta dell&#8217;acciaio inossidabile si deve all&#8217;inglese Harry Brearly di Sheffield.\u00a0Nel 1913, sperimentando acciai per canne di armi da fuoco, scopr\u00ec che un suo provino di acciaio con il 13-14% di cromo e con un tenore di carbonio relativamente alto (0,25%) non arrugginiva quando era esposto all&#8217;atmosfera.<\/p>\n<p>I successivi progressi della metallurgia fra gli anni quaranta e sessanta del XX secolo hanno ampliato il loro sviluppo e le loro applicazioni.<\/p>\n<p><strong>INCRUDIMENTO<\/strong><\/p>\n<p>L&#8217;<b>incrudimento<\/b> \u00e8 un fenomeno per cui un materiale metallico risulta rafforzato in seguito ad una deformazione plastica a freddo.<\/p>\n<p>Spesso tale fenomeno \u00e8 sfruttato in alcuni specifici trattamenti per migliorare le caratteristiche del materiale, come la durezza e la resistenza meccanica. Alcuni effetti sulle propriet\u00e0 meccaniche sono:<\/p>\n<ul>\n<li>Aumentano la resistenza a trazione o<span style=\"line-height: 24px;\">\u00a0Rm\u00a0<\/span>e della durezza superficiale;<\/li>\n<li>Diminuzione delle propriet\u00e0 di duttilit\u00e0 (come allungamento e strizione) e di tenacit\u00e0 statica e dinamica (come la resilienza).<\/li>\n<\/ul>\n","protected":false},"excerpt":{"rendered":"<p>Gli acciai inox (o acciai inossidabili) sono leghe di ferro caratterizzate da una notevole resistenza alla corrosione, all&#8217;aria umida quanto all&#8217;acqua dolce. La resistenza alla corrosione \u00e8 dovuta alla presenza di elementi di lega, principalmente cromo, in grado di passivarsi, cio\u00e8 di ricoprirsi di uno strato di ossidi sottile e \u2026<\/p>\n<p> <a class=\"continue-reading-link\" href=\"https:\/\/www.wagneracciai.it\/index.php\/acciaio-inossidabile\">Continua la lettura<i class=\"icon-right-dir\"><\/i><\/a><\/p>\n","protected":false},"author":1,"featured_media":0,"parent":0,"menu_order":0,"comment_status":"closed","ping_status":"closed","template":"templates\/template-twocolumns-right.php","meta":[],"_links":{"self":[{"href":"https:\/\/www.wagneracciai.it\/index.php\/wp-json\/wp\/v2\/pages\/774"}],"collection":[{"href":"https:\/\/www.wagneracciai.it\/index.php\/wp-json\/wp\/v2\/pages"}],"about":[{"href":"https:\/\/www.wagneracciai.it\/index.php\/wp-json\/wp\/v2\/types\/page"}],"author":[{"embeddable":true,"href":"https:\/\/www.wagneracciai.it\/index.php\/wp-json\/wp\/v2\/users\/1"}],"replies":[{"embeddable":true,"href":"https:\/\/www.wagneracciai.it\/index.php\/wp-json\/wp\/v2\/comments?post=774"}],"version-history":[{"count":9,"href":"https:\/\/www.wagneracciai.it\/index.php\/wp-json\/wp\/v2\/pages\/774\/revisions"}],"predecessor-version":[{"id":1068,"href":"https:\/\/www.wagneracciai.it\/index.php\/wp-json\/wp\/v2\/pages\/774\/revisions\/1068"}],"wp:attachment":[{"href":"https:\/\/www.wagneracciai.it\/index.php\/wp-json\/wp\/v2\/media?parent=774"}],"curies":[{"name":"wp","href":"https:\/\/api.w.org\/{rel}","templated":true}]}}