{"id":795,"date":"2015-04-01T16:51:10","date_gmt":"2015-04-01T14:51:10","guid":{"rendered":"http:\/\/www.wagneracciai.it\/?page_id=795"},"modified":"2015-04-27T16:18:38","modified_gmt":"2015-04-27T14:18:38","slug":"glossario-acciaio","status":"publish","type":"page","link":"https:\/\/www.wagneracciai.it\/index.php\/glossario-acciaio","title":{"rendered":"Glossario Acciaio"},"content":{"rendered":"<p>Proponiamo una serie di termini e di definizioni collegati al mondo dell&#8217;acciaio. Parole che riempiono le nostre giornate, argomenti per noi di uso quotidiano. Significati da padroneggiare\u00a0con competenza e consapevolezza per sapere sempre quello che si fa e il materiale con cui si ha a che fare.<\/p>\n<p>Il tutto per garantire il miglior servizio possibile alla nostra clientela.<\/p>\n<p><strong>ACCIAIERIA<\/strong><\/p>\n<p>Acciaieria \u00e8 la dove l&#8217;acciaio viene prodotto. Le acciaierie si distinguono in &#8220;a ciclo integrale&#8221; quando utilizzano <a href=\" http:\/\/www.wagneracciai.it\/index.php\/acciaio-al-carbonio\">ghisa<\/a> liquida da altoforno ed &#8220;elettriche&#8221; quelle che partono da rottame fondendolo al forno elettrico<\/p>\n<p><strong>ACCIAIO<\/strong><\/p>\n<p>Visita la <a href=\" http:\/\/www.wagneracciai.it\/index.php\/acciaio-al-carbonio\">pagina dedicata<\/a><\/p>\n<p><strong>ACCIAIO AL CARBONIO<\/strong><\/p>\n<p>Visita la <a href=\" http:\/\/www.wagneracciai.it\/index.php\/acciaio-al-carbonio\">pagina dedicata<\/a><\/p>\n<p><strong>ACCIAIO ALTO LEGATO<\/strong><\/p>\n<p>L&#8217;acciaio alto legato \u00e8 una classe di acciaio ad alto tenore di elementi alloganti, ovvero con percentuali elevate di elementi aggiunti come molibdeno, tungsteno, vanadio, cobalto, ecc.<\/p>\n<p><strong>ACCIAI INOSSIDABILI<\/strong><\/p>\n<p>Vedi la <a href=\"http:\/\/www.wagneracciai.it\/wp-admin\/post.php?post=774&amp;action=edit\">pagina dedicata<\/a><\/p>\n<p><strong>ACCIAI LEGATI<\/strong><\/p>\n<p>Legati sono quegli acciai cui sono stati aggiunti elementi alloganti\/di lega con la funzione di ottenere caratteristiche particolari. Gli acciai speciali vengono suddivisi in tre categorie: da costruzione, inossidabili e da utensili.<\/p>\n<p><strong>ADDOLCIMENTO<\/strong><\/p>\n<p>Si tratta di un trattamento termico per favorire una migliore lavorabilit\u00e0 alle macchine utensili o una migliore deformabilit\u00e0 a freddo.<\/p>\n<p><strong>ALTOFORNO<\/strong><\/p>\n<p>Forno a funzionamento continuo per la fabbricazione della ghisa.<\/p>\n<p><strong>BONIFICA<\/strong><\/p>\n<p>La bonifica \u00e8 una tempra con successivo rinvenimento. In genere si usano acciai dolci con un tenore di carbonio compreso fra lo 0.2% e lo 0.6% con piccole percentuali di leganti come molibdeno, cromo, nichel.<\/p>\n<p><strong>CARICO DI ROTTURA<\/strong><\/p>\n<p>Si tratta del carico che l&#8217;acciaio pu\u00f2 sopportare prima che avvenga una rottura. Il carico di rottura si misura sottoponendo il materiale a trazione assiale.<\/p>\n<p><strong>CESOIATURA<\/strong><\/p>\n<p>E&#8217; il taglio meccanico svolto in Wagner Acciai.\u00a0Il taglio avviene attraverso un movimento verticale della lama superiore verso quell&#8217;inferiore in modo che i pezzi tagliati siano privi di sbavatura o di deformazione da schiacciamento.<\/p>\n<p><strong>COLATA<\/strong><\/p>\n<p>Si definisce colata l&#8217;insieme dei semiprodotti derivanti da una stessa carica del forno. Ciascuno di questi, quindi, ha la medesima composizione chimica.<\/p>\n<p><strong>CRICCA<\/strong><\/p>\n<p>E&#8217; la spaccatura, di diversa profondit\u00e0, che pu\u00f2 accadere ad un acciaio laminato.<\/p>\n<p><strong>CURVATURA DELLE LAMIERE E DEI NASTRI<\/strong><\/p>\n<p>Con curvatura si indica l&#8217;operazione di formatura a freddo che conferisce all\u2019elemento una conformazione curva. Per ottenere \u00a0il risultato la macchina usata pi\u00f9 di frequente \u00e8 la calandra.<\/p>\n<p><strong>DECAPPAGGIO MECCANICO<\/strong><\/p>\n<p>Attraverso il decappaggio si eliminano gli strati di ossidi superficiali formatisi durante la lavorazione a caldo, sfruttando la fragilit\u00e0 dell&#8217;ossido rispetto alla tenacit\u00e0 del metallo. L&#8217;esito si pu\u00f2 tenere attraverso l&#8217;uso di getti d&#8217;aria a pressione contenenti sabbia o sferette metalliche sulla superficie del prodotto da trattare. In questi casi si parla di sabbiatura e pallinatura.<\/p>\n<p><strong>DUREZZA<\/strong><\/p>\n<p>La durezza \u00e8 la resistenza dei metalli alla penetrazione e in quanto tale influenza la resistenza al taglio, all&#8217;incisione, all&#8217;usura e talvolta anche alla corrosione.<\/p>\n<p><strong>FERRO<\/strong><\/p>\n<p>\u00c8 un elemento chimico che si trova in natura. Costituisce il principale componente di tutti gli acciai. Il punto di fusione del ferro \u00e8 di 1528 gradi C.<\/p>\n<p><strong>INCRUDIMENTO<\/strong><\/p>\n<p>Vedi la <a href=\"http:\/\/www.wagneracciai.it\/index.php\/acciaio-inossidabile\">pagina dedicata<\/a><\/p>\n<p><strong>LEGA<\/strong><\/p>\n<p>Miscela omogenea (per lo pi\u00f9 soluzione solida contenente eventualmente particelle di composti intermetallici o carburi) nella quale figurano due o pi\u00f9 elementi. Ad esempio, il Ferro in lega con percentuali pi\u00f9 o meno rilevanti di Carbonio ed altri elementi (Cr, Mn, Ni, Mo, W ecc.) forma gli acciai.<\/p>\n<p><strong>OSSIDAZIONE<\/strong><\/p>\n<p>Reazione di corrosione nella quale il metallo corroso forma l\u2019ossido.<\/p>\n<p><strong>PASSIVAZIONE<\/strong><\/p>\n<p>E&#8217; sinonimo di arrugginimento.<\/p>\n<p><strong>RESILIENZA<\/strong><\/p>\n<p>E&#8217; la resistenza dell&#8217;acciaio all&#8217;urto e la si determina sottoponendo un campione d&#8217;acciaio di forma unificata all&#8217;urto di un maglio particolare.<\/p>\n<p><strong>RICOTTURA DI LAVORABILIT\u00c0<\/strong><\/p>\n<p>E&#8217; un trattamento che favorisce una migliore lavorabilit\u00e0 alle macchine utensili, un addolcimento tale da favorire una migliore deformabilit\u00e0 a freddo.<\/p>\n<p><strong>SKIN PASS<\/strong><\/p>\n<p>Lo skin pass \u00e8 una laminazione a freddo successiva al trattamento di ricristallizzazione che ha lo scopo di rendere compatta, piana e lucida la superficie, migliorando le caratteristiche del materiale dal punto di vista delle successive operazioni di finitura superficiale.<\/p>\n<p><strong>SVOLGITURA<\/strong><\/p>\n<p>Operazione mediante la quale si svolge un coil caricato sull\u2019aspo svolgitore per riavvolgerlo a valle della linea sull\u2019aspo avvolgitore.<\/p>\n<p><strong>TEMPRA<\/strong><\/p>\n<p>Operazione di trattamento termico che consiste nel portare l&#8217;acciaio alla temperatura di austenitizzazione e nel raffreddarlo poi con i mezzi di spegnimento pi\u00f9 opportuni (acqua, olio, sali ecc.) in modo da provocare la formazione di martensite.<\/p>\n","protected":false},"excerpt":{"rendered":"<p>Proponiamo una serie di termini e di definizioni collegati al mondo dell&#8217;acciaio. Parole che riempiono le nostre giornate, argomenti per noi di uso quotidiano. Significati da padroneggiare\u00a0con competenza e consapevolezza per sapere sempre quello che si fa e il materiale con cui si ha a che fare. Il tutto per \u2026<\/p>\n<p> <a class=\"continue-reading-link\" href=\"https:\/\/www.wagneracciai.it\/index.php\/glossario-acciaio\">Continua la lettura<i class=\"icon-right-dir\"><\/i><\/a><\/p>\n","protected":false},"author":1,"featured_media":0,"parent":0,"menu_order":0,"comment_status":"closed","ping_status":"closed","template":"templates\/template-twocolumns-right.php","meta":[],"_links":{"self":[{"href":"https:\/\/www.wagneracciai.it\/index.php\/wp-json\/wp\/v2\/pages\/795"}],"collection":[{"href":"https:\/\/www.wagneracciai.it\/index.php\/wp-json\/wp\/v2\/pages"}],"about":[{"href":"https:\/\/www.wagneracciai.it\/index.php\/wp-json\/wp\/v2\/types\/page"}],"author":[{"embeddable":true,"href":"https:\/\/www.wagneracciai.it\/index.php\/wp-json\/wp\/v2\/users\/1"}],"replies":[{"embeddable":true,"href":"https:\/\/www.wagneracciai.it\/index.php\/wp-json\/wp\/v2\/comments?post=795"}],"version-history":[{"count":4,"href":"https:\/\/www.wagneracciai.it\/index.php\/wp-json\/wp\/v2\/pages\/795\/revisions"}],"predecessor-version":[{"id":872,"href":"https:\/\/www.wagneracciai.it\/index.php\/wp-json\/wp\/v2\/pages\/795\/revisions\/872"}],"wp:attachment":[{"href":"https:\/\/www.wagneracciai.it\/index.php\/wp-json\/wp\/v2\/media?parent=795"}],"curies":[{"name":"wp","href":"https:\/\/api.w.org\/{rel}","templated":true}]}}