{"id":914,"date":"2015-04-28T13:15:55","date_gmt":"2015-04-28T11:15:55","guid":{"rendered":"http:\/\/www.wagneracciai.it\/?page_id=914"},"modified":"2016-02-16T11:44:47","modified_gmt":"2016-02-16T10:44:47","slug":"perche-scegliere-wagner-acciai","status":"publish","type":"page","link":"https:\/\/www.wagneracciai.it\/index.php\/perche-scegliere-wagner-acciai","title":{"rendered":"Perch\u00e9 scegliere Wagner Acciai"},"content":{"rendered":"\r\n<a href=\"https:\/\/www.wagneracciai.it\/wp-content\/gallery\/generale\/img_0652.jpg\" title=\"Wagner Acciai Ingresso Accettazione\/Spedizioni\" class=\"shutterset_singlepic260\" >\r\n\t<img class=\"ngg-singlepic\" src=\"https:\/\/www.wagneracciai.it\/wp-content\/gallery\/cache\/260_web20_h=x_img_0652.jpg\" alt=\"img_0652\" title=\"img_0652\" \/>\r\n<\/a>\r\n\n<p><span style=\"color: #000000;\"><b>Wagner Acciai\u00a0<\/b><\/span>\u00e8 un centro servizi che opera da oltre 70 anni nel settore della distribuzione di nastri e lamiere in\u00a0acciaio al carbonio\u00a0temprabile, in acciaio al carbonio temprato e in acciaio inossidabile incrudito.<\/p>\n<p>Il Centro Servizi ha una serie di vantaggi rispetto sia al produttore di acciaio, che opera in funzione di precise economie di scala per massimizzare l&#8217;efficienza degli impianti, sia rispetto a chi l&#8217;acciaio lo commercia in piccole quantit\u00e0 e con un numero di articoli insufficiente per soddisfare le esigenze del mercato.<\/p>\n<p><b>Wagner Acciai<\/b> non \u00e8 un produttore, n\u00e9 un consumatore in senso stretto, piuttosto \u00e8 un <i>prosumer<\/i>\u00a0ovvero un po&#8217; di uno e dell&#8217;altro, uscendo dalla produzione seriale di massa per aderire alla molteplicit\u00e0 delle richieste di un mondo in continua evoluzione e cambiamento.<\/p>\n<p>Infatti, in quanto Centro Servizi, \u00e8 in grado di offrire un ampia gamma di prodotti sia in misure standard gestite da magazzino che realizzate espressamente per il cliente. L&#8217;azienda, allo scopo, \u00e8 <strong>dotata al proprio interno di diverse linee di taglio<\/strong>, con una programmazione giornaliera delle attivit\u00e0, cos\u00ec da potersi adattare dinamicamente alle esigenze di produzione e soddisfare eventuali urgenze dell&#8217;ultima ora.<\/p>\n<p>Affidarsi a Wagner Acciai significa scegliere un Centro Servizi che:<\/p>\n<div>\n<ol>\n<li><span style=\"color: #003399;\"><strong>HA TUTTO: 6000 mq di magazzini<\/strong>,\u00a0<strong>2.000 tonnellat<\/strong><strong>e<\/strong><\/span>\u00a0di materiale gestite dal pronto<\/li>\n<li><strong><span style=\"color: #003399;\">LO HA SEMPRE:<\/span>\u00a0<\/strong>programmazione quotidiana delle attivit\u00e0 di taglio, distribuzione e produzione per soddisfare ogni richiesta, urgenza, dettaglio<\/li>\n<li><span style=\"color: #003399;\"><strong>LO HA PER TUTTI:<\/strong><\/span> i nostri prodotti, nei pi\u00f9 differenti spessori, lunghezze, caratteristiche sono adatti a soddisfare le esigenze di molti <a href=\"http:\/\/www.wagneracciai.it\/index.php\/applicazioni-acciaio-wagner\">campi di applicazione<\/a><\/li>\n<li><span style=\"color: #003399;\"><strong>LO SA FARE<\/strong>:\u00a0<\/span>da 70 anni sul mercato con costante crescita del volume d&#8217;affari<\/li>\n<li><span style=\"color: #003399;\"><strong>LO SA FARE BENE<\/strong>:\u00a0<\/span>i nostri professionisti conoscono alla perfezione il prodotto e il cliente. Il turn over aziendale \u00e8 pressoch\u00e8 nullo e questo garantisce conoscenze tecniche approfondite e altissimo livello di consulenza e assistenza.<\/li>\n<\/ol>\n<\/div>\n","protected":false},"excerpt":{"rendered":"<p>Wagner Acciai\u00a0\u00e8 un centro servizi che opera da oltre 70 anni nel settore della distribuzione di nastri e lamiere in\u00a0acciaio al carbonio\u00a0temprabile, in acciaio al carbonio temprato e in acciaio inossidabile incrudito. Il Centro Servizi ha una serie di vantaggi rispetto sia al produttore di acciaio, che opera in funzione \u2026<\/p>\n<p> <a class=\"continue-reading-link\" href=\"https:\/\/www.wagneracciai.it\/index.php\/perche-scegliere-wagner-acciai\">Continua la lettura<i class=\"icon-right-dir\"><\/i><\/a><\/p>\n","protected":false},"author":1,"featured_media":0,"parent":0,"menu_order":0,"comment_status":"closed","ping_status":"closed","template":"templates\/template-twocolumns-right.php","meta":[],"_links":{"self":[{"href":"https:\/\/www.wagneracciai.it\/index.php\/wp-json\/wp\/v2\/pages\/914"}],"collection":[{"href":"https:\/\/www.wagneracciai.it\/index.php\/wp-json\/wp\/v2\/pages"}],"about":[{"href":"https:\/\/www.wagneracciai.it\/index.php\/wp-json\/wp\/v2\/types\/page"}],"author":[{"embeddable":true,"href":"https:\/\/www.wagneracciai.it\/index.php\/wp-json\/wp\/v2\/users\/1"}],"replies":[{"embeddable":true,"href":"https:\/\/www.wagneracciai.it\/index.php\/wp-json\/wp\/v2\/comments?post=914"}],"version-history":[{"count":7,"href":"https:\/\/www.wagneracciai.it\/index.php\/wp-json\/wp\/v2\/pages\/914\/revisions"}],"predecessor-version":[{"id":1071,"href":"https:\/\/www.wagneracciai.it\/index.php\/wp-json\/wp\/v2\/pages\/914\/revisions\/1071"}],"wp:attachment":[{"href":"https:\/\/www.wagneracciai.it\/index.php\/wp-json\/wp\/v2\/media?parent=914"}],"curies":[{"name":"wp","href":"https:\/\/api.w.org\/{rel}","templated":true}]}}